{"id":63,"date":"2025-11-16T10:01:02","date_gmt":"2025-11-16T09:01:02","guid":{"rendered":"https:\/\/www.samleatherlab.com\/?post_type=product&#038;p=63"},"modified":"2025-11-24T02:24:10","modified_gmt":"2025-11-24T01:24:10","slug":"il-gigante","status":"publish","type":"product","link":"https:\/\/www.samleatherlab.com\/it\/shop\/wallet\/il-gigante\/","title":{"rendered":"Leather Wallet &#8211; Il Gigante"},"content":{"rendered":"<h1 data-start=\"207\" data-end=\"281\"><strong data-start=\"207\" data-end=\"252\">Portafoglio in Pelle Cucito a Mano \u2013 Il Gigante<\/strong><\/h1>\n<p>&nbsp;<\/p>\n<p data-start=\"283\" data-end=\"1033\" class=\"translation-block\">Realizzato interamente a mano, il <strong data-start=\"313\" data-end=\"342\">portafoglio in pelle Il Gigante<\/strong> \u00e8 una straordinaria espressione di artigianato tradizionale e funzionalit\u00e0 moderna. Ogni dettaglio, dal taglio della pelle alla cucitura precisa, riflette l\u2019abilit\u00e0, la dedizione e la passione dell\u2019artigiano <strong data-start=\"548\" data-end=\"566\">Samuel Benigni<\/strong>, maestro della lavorazione della pelle che ha perfezionato la sua arte in anni di esperienza. Utilizzando solo la migliore <strong data-start=\"664\" data-end=\"688\">pelle Ecbatana Lux<\/strong> proveniente dalla rinomata <strong data-start=\"715\" data-end=\"742\">conceria Carlo Badalassi<\/strong>, questo portafoglio non \u00e8 solo un accessorio\u2014\u00e8 una dichiarazione di qualit\u00e0, eleganza e stile senza tempo. La pelle stessa \u00e8 morbida ma resistente, con una texture naturale che garantisce che ogni portafoglio sia veramente unico, portando le caratteristiche distintive della pelle e il tocco personale dell\u2019artigiano.<\/p>\n<p data-start=\"1035\" data-end=\"1855\" class=\"translation-block\">Misurando un generoso <strong data-start=\"1056\" data-end=\"1074\">20 cm per 10 cm<\/strong>, il portafoglio Il Gigante offre ampio spazio per tutto ci\u00f2 di cui hai bisogno, mantenendo un profilo elegante e raffinato. All\u2019interno, troverai <strong data-start=\"1212\" data-end=\"1238\">12 scomparti separati per carte<\/strong>, organizzati in modo intelligente per tenere le tue carte essenziali ordinate e facilmente accessibili. Che tu porti carte di credito, carte d\u2019identit\u00e0 o tessere associative, questo portafoglio garantisce che tutto abbia il suo posto. Per le monete, \u00e8 presente un <strong data-start=\"1455\" data-end=\"1481\">ampio scomparto per monete<\/strong>, progettato per conservare il resto in sicurezza ma facilmente accessibile. Inoltre, il portafoglio dispone di <strong data-start=\"1582\" data-end=\"1609\">tre scomparti per banconote<\/strong>, incluso uno con <strong data-start=\"1632\" data-end=\"1650\">chiusura a molla<\/strong> per maggiore sicurezza, cos\u00ec i tuoi contanti rimangono protetti ma facilmente accessibili. Questa combinazione di soluzioni di stoccaggio rende Il Gigante ideale per chi apprezza <strong data-start=\"1814\" data-end=\"1854\">sia la praticit\u00e0 che la raffinatezza<\/strong>.<\/p>\n<p data-start=\"1857\" data-end=\"2561\" class=\"translation-block\">La costruzione del portafoglio \u00e8 dove emerge il suo vero artigianato. <strong data-start=\"1928\" data-end=\"1960\">Ogni cucitura \u00e8 realizzata a mano<\/strong>, un processo meticoloso che richiede pazienza, precisione e un profondo rispetto per i materiali. La cucitura a mano non solo aggiunge appeal estetico, ma garantisce anche la durata e la longevit\u00e0 del portafoglio, permettendo di resistere all\u2019uso quotidiano mantenendo il suo aspetto elegante. Col tempo, la pelle sviluppa una <strong data-start=\"2278\" data-end=\"2298\">splendida patina<\/strong>, che riflette il suo percorso con te e acquisisce gradualmente un carattere unico, legato al tuo stile personale. Questo processo naturale di invecchiamento \u00e8 un segno distintivo della pelle genuina, che la differenzia dalle alternative prodotte in serie e ne valorizza il fascino e l\u2019unicit\u00e0.<\/p>\n<p data-start=\"2563\" data-end=\"3197\" class=\"translation-block\">Il design del portafoglio Il Gigante bilancia <strong data-start=\"2608\" data-end=\"2636\">lusso e funzionalit\u00e0<\/strong>. La sua disposizione \u00e8 intuitiva, rendendo facile organizzare carte, contanti e monete senza creare ingombro o sacrificare lo stile. Il design accurato garantisce anche che il portafoglio rimanga comodo da portare, sia in tasca, in borsa o a mano. La sensazione tattile della pelle, combinata con il peso e la struttura del portafoglio, trasmette una sensazione di <strong data-start=\"2979\" data-end=\"3005\">qualit\u00e0 e sicurezza<\/strong>, rendendo un piacere usarlo ogni giorno. Questo \u00e8 un portafoglio che non solo soddisfa le esigenze pratiche, ma racconta anche una storia di artigianalit\u00e0, attenzione ai dettagli e apprezzamento per i materiali pregiati.<\/p>\n<p data-start=\"3199\" data-end=\"3708\" class=\"translation-block\">Che tu stia acquistando questo portafoglio come <strong data-start=\"3243\" data-end=\"3251\">regalo<\/strong> per qualcuno di speciale o come piccolo lusso personale, esso rappresenta un <strong data-start=\"3316\" data-end=\"3335\">pezzo distintivo<\/strong> che comunica raffinatezza, gusto e individualit\u00e0. Chi apprezza il lavoro artigianale, la <strong data-start=\"3424\" data-end=\"3451\">cura meticolosa della pelle<\/strong> e accessori che migliorano con il tempo trover\u00e0 nel portafoglio Il Gigante un compagno essenziale. \u00c8 un accessorio che va oltre la funzionalit\u00e0, diventando un oggetto prezioso che riflette l\u2019apprezzamento del proprietario per il <strong data-start=\"3667\" data-end=\"3707\">design senza tempo e la qualit\u00e0 duratura<\/strong>.<\/p>\n<p data-start=\"3710\" data-end=\"4215\" class=\"translation-block\"><strong data-start=\"3710\" data-end=\"3727\">Nota sulla pelle:<\/strong> Ogni portafoglio Il Gigante \u00e8 unico. La pelle naturale pu\u00f2 presentare lievi variazioni di colore, texture o venatura, rendendo ogni pezzo davvero irripetibile. Le foto del prodotto hanno solo scopo illustrativo; il portafoglio che riceverai potrebbe differire leggermente, aumentando ulteriormente la sua individualit\u00e0 e carattere. Possedere un portafoglio Il Gigante significa avere un\u2019opera d\u2019arte, un capolavoro funzionale e un riflesso del tuo stile personale, tutti combinati in un unico accessorio meticolosamente realizzato.<\/p>\n<p data-start=\"4217\" data-end=\"4537\" class=\"translation-block\">Con Il Gigante, non stai semplicemente portando un portafoglio\u2014stai portando <strong data-start=\"4290\" data-end=\"4357\">una storia, una tradizione e un pezzo di autentico patrimonio artigianale<\/strong>. \u00c8 la combinazione perfetta di stile, durata ed eleganza, progettata per accompagnarti nella vita quotidiana mentre esprime con forza artigianalit\u00e0 e sofisticatezza.<\/p>","protected":false},"excerpt":{"rendered":"<p class=\"translation-block\">Scopri eleganza e funzionalit\u00e0 in un unico accessorio con questo ampio portafoglio in pelle, interamente cucito a mano da Samuel Benigni. Il Gigante.<br>\nOgni dettaglio, dalla cucitura precisa agli scomparti interni ben organizzati, \u00e8 progettato per offrirti comfort e praticit\u00e0 nella vita quotidiana senza compromettere lo stile.<br>\nPerfetto per portare carte, contanti e documenti in un unico portafoglio resistente e raffinato.<\/p>","protected":false},"featured_media":1343,"template":"","meta":{"site-sidebar-layout":"default","site-content-layout":"","ast-site-content-layout":"default","site-content-style":"default","site-sidebar-style":"default","ast-global-header-display":"","ast-banner-title-visibility":"","ast-main-header-display":"","ast-hfb-above-header-display":"","ast-hfb-below-header-display":"","ast-hfb-mobile-header-display":"","site-post-title":"","ast-breadcrumbs-content":"","ast-featured-img":"","footer-sml-layout":"","theme-transparent-header-meta":"default","adv-header-id-meta":"","stick-header-meta":"default","header-above-stick-meta":"","header-main-stick-meta":"","header-below-stick-meta":"","astra-migrate-meta-layouts":"set","ast-page-background-enabled":"default","ast-page-background-meta":{"desktop":{"background-color":"var(--ast-global-color-5)","background-image":"","background-repeat":"repeat","background-position":"center center","background-size":"auto","background-attachment":"scroll","background-type":"","background-media":"","overlay-type":"","overlay-color":"","overlay-opacity":"","overlay-gradient":""},"tablet":{"background-color":"","background-image":"","background-repeat":"repeat","background-position":"center center","background-size":"auto","background-attachment":"scroll","background-type":"","background-media":"","overlay-type":"","overlay-color":"","overlay-opacity":"","overlay-gradient":""},"mobile":{"background-color":"","background-image":"","background-repeat":"repeat","background-position":"center center","background-size":"auto","background-attachment":"scroll","background-type":"","background-media":"","overlay-type":"","overlay-color":"","overlay-opacity":"","overlay-gradient":""}},"ast-content-background-meta":{"desktop":{"background-color":"var(--ast-global-color-4)","background-image":"","background-repeat":"repeat","background-position":"center center","background-size":"auto","background-attachment":"scroll","background-type":"","background-media":"","overlay-type":"","overlay-color":"","overlay-opacity":"","overlay-gradient":""},"tablet":{"background-color":"var(--ast-global-color-4)","background-image":"","background-repeat":"repeat","background-position":"center center","background-size":"auto","background-attachment":"scroll","background-type":"","background-media":"","overlay-type":"","overlay-color":"","overlay-opacity":"","overlay-gradient":""},"mobile":{"background-color":"var(--ast-global-color-4)","background-image":"","background-repeat":"repeat","background-position":"center center","background-size":"auto","background-attachment":"scroll","background-type":"","background-media":"","overlay-type":"","overlay-color":"","overlay-opacity":"","overlay-gradient":""}}},"product_brand":[26],"product_cat":[18],"product_tag":[55,38,45,35,39,20,37,29,41,30,33,36,34,32,31],"class_list":{"0":"post-63","1":"product","2":"type-product","3":"status-publish","4":"has-post-thumbnail","6":"product_brand-samuel-benigni-leather","7":"product_cat-wallet","8":"product_tag-boho-crafts","9":"product_tag-carlobadalassi","10":"product_tag-classicwallet","11":"product_tag-cucitoamano","12":"product_tag-ecbatana","13":"product_tag-handmade","14":"product_tag-handmadewallet","15":"product_tag-handsewn","16":"product_tag-handstitched","17":"product_tag-leather","18":"product_tag-leatherart","19":"product_tag-leatherartist","20":"product_tag-leathercraft","21":"product_tag-leatherwallet","22":"product_tag-leatherwork","23":"product_shipping_class-0-2","24":"desktop-align-left","25":"tablet-align-left","26":"mobile-align-left","27":"ast-product-gallery-layout-horizontal-slider","28":"ast-product-tabs-layout-horizontal","30":"first","31":"instock","32":"sold-individually","33":"shipping-taxable","34":"purchasable","35":"product-type-simple"},"jetpack_sharing_enabled":true,"_links":{"self":[{"href":"https:\/\/www.samleatherlab.com\/it\/wp-json\/wp\/v2\/product\/63","targetHints":{"allow":["GET"]}}],"collection":[{"href":"https:\/\/www.samleatherlab.com\/it\/wp-json\/wp\/v2\/product"}],"about":[{"href":"https:\/\/www.samleatherlab.com\/it\/wp-json\/wp\/v2\/types\/product"}],"wp:featuredmedia":[{"embeddable":true,"href":"https:\/\/www.samleatherlab.com\/it\/wp-json\/wp\/v2\/media\/1343"}],"wp:attachment":[{"href":"https:\/\/www.samleatherlab.com\/it\/wp-json\/wp\/v2\/media?parent=63"}],"wp:term":[{"taxonomy":"product_brand","embeddable":true,"href":"https:\/\/www.samleatherlab.com\/it\/wp-json\/wp\/v2\/product_brand?post=63"},{"taxonomy":"product_cat","embeddable":true,"href":"https:\/\/www.samleatherlab.com\/it\/wp-json\/wp\/v2\/product_cat?post=63"},{"taxonomy":"product_tag","embeddable":true,"href":"https:\/\/www.samleatherlab.com\/it\/wp-json\/wp\/v2\/product_tag?post=63"}],"curies":[{"name":"wp","href":"https:\/\/api.w.org\/{rel}","templated":true}]}}